{"id":89,"date":"2024-07-09T09:00:55","date_gmt":"2024-07-09T09:00:55","guid":{"rendered":"https:\/\/wwbn.wgsr.uw.edu.pl\/?page_id=89"},"modified":"2025-05-15T16:10:39","modified_gmt":"2025-05-15T16:10:39","slug":"o-konferencji","status":"publish","type":"page","link":"https:\/\/wwbn.wgsr.uw.edu.pl\/?page_id=89","title":{"rendered":"O konferencji"},"content":{"rendered":"\n<p class=\"has-primary-color has-text-color has-link-color has-small-font-size wp-elements-519561a98b786036a4d54661f147bb44\">Konferencja &#8222;<em>Warszawa w \u015bwietle bada\u0144 naukowych<\/em>&#8221; to wydarzenie, kt\u00f3re skupia r\u00f3\u017cnorodne \u015brodowiska zainteresowane rozwojem i badaniem stolicy Polski. W\u015br\u00f3d uczestnik\u00f3w znajduj\u0105 si\u0119 urz\u0119dnicy, samorz\u0105dowcy, naukowcy, studenci, spo\u0142ecznicy oraz aktywi\u015bci, co gwarantuje szerok\u0105 perspektyw\u0119 i wieloaspektowe podej\u015bcie do poruszanych temat\u00f3w. Konferencja jest interdyscyplinarna, obejmuj\u0105c r\u00f3\u017cnorodne dziedziny badawcze i praktyczne, co pozwala na kompleksowe podej\u015bcie do zagadnie\u0144 zwi\u0105zanych z Warszaw\u0105.<br><\/p>\n\n\n\n<p class=\"is-style-default has-primary-color has-text-color has-link-color wp-elements-819408f5db8b5e4ef3173193e70f9679\">Celem konferencji jest aktualizacja i pog\u0142\u0119bienie wiedzy na temat najnowszych bada\u0144 zwi\u0105zanych z Warszaw\u0105, identyfikacja kluczowych i pomijanych temat\u00f3w oraz prezentacja nowych aspekt\u00f3w badania tego dynamicznie rozwijaj\u0105cego si\u0119 miasta. Wydarzenie stwarza r\u00f3wnie\u017c niepowtarzaln\u0105 okazj\u0119 do nawi\u0105zania kontakt\u00f3w i wsp\u00f3\u0142pracy mi\u0119dzy osobami zaanga\u017cowanymi w rozw\u00f3j Warszawy, umo\u017cliwiaj\u0105c wymian\u0119 do\u015bwiadcze\u0144, pomys\u0142\u00f3w i inspiracji, kt\u00f3re przyczyni\u0105 si\u0119 do lepszego planowania i zarz\u0105dzania miastem.<\/p>\n\n\n\n<p><\/p>\n\n\n\n<hr class=\"wp-block-separator has-alpha-channel-opacity\"\/>\n\n\n\n<p><\/p>\n\n\n\n<p><\/p>\n\n\n\n<p><\/p>\n","protected":false},"excerpt":{"rendered":"<p>Konferencja &#8222;Warszawa w \u015bwietle bada\u0144 naukowych&#8221; to wydarzenie, kt\u00f3re skupia r\u00f3\u017cnorodne \u015brodowiska zainteresowane rozwojem i badaniem stolicy Polski. W\u015br\u00f3d uczestnik\u00f3w znajduj\u0105 si\u0119 urz\u0119dnicy, samorz\u0105dowcy, naukowcy, studenci, spo\u0142ecznicy oraz aktywi\u015bci, co gwarantuje szerok\u0105 perspektyw\u0119 i wieloaspektowe podej\u015bcie do poruszanych temat\u00f3w. Konferencja jest interdyscyplinarna, obejmuj\u0105c r\u00f3\u017cnorodne dziedziny badawcze i praktyczne, co pozwala na kompleksowe podej\u015bcie do zagadnie\u0144 [&hellip;]<\/p>\n","protected":false},"author":3,"featured_media":0,"parent":0,"menu_order":0,"comment_status":"closed","ping_status":"closed","template":"","meta":{"hide_page_title":"","_coblocks_attr":"","_coblocks_dimensions":"","_coblocks_responsive_height":"","_coblocks_accordion_ie_support":"","footnotes":""},"class_list":["post-89","page","type-page","status-publish","hentry"],"_links":{"self":[{"href":"https:\/\/wwbn.wgsr.uw.edu.pl\/index.php?rest_route=\/wp\/v2\/pages\/89","targetHints":{"allow":["GET"]}}],"collection":[{"href":"https:\/\/wwbn.wgsr.uw.edu.pl\/index.php?rest_route=\/wp\/v2\/pages"}],"about":[{"href":"https:\/\/wwbn.wgsr.uw.edu.pl\/index.php?rest_route=\/wp\/v2\/types\/page"}],"author":[{"embeddable":true,"href":"https:\/\/wwbn.wgsr.uw.edu.pl\/index.php?rest_route=\/wp\/v2\/users\/3"}],"replies":[{"embeddable":true,"href":"https:\/\/wwbn.wgsr.uw.edu.pl\/index.php?rest_route=%2Fwp%2Fv2%2Fcomments&post=89"}],"version-history":[{"count":6,"href":"https:\/\/wwbn.wgsr.uw.edu.pl\/index.php?rest_route=\/wp\/v2\/pages\/89\/revisions"}],"predecessor-version":[{"id":293,"href":"https:\/\/wwbn.wgsr.uw.edu.pl\/index.php?rest_route=\/wp\/v2\/pages\/89\/revisions\/293"}],"wp:attachment":[{"href":"https:\/\/wwbn.wgsr.uw.edu.pl\/index.php?rest_route=%2Fwp%2Fv2%2Fmedia&parent=89"}],"curies":[{"name":"wp","href":"https:\/\/api.w.org\/{rel}","templated":true}]}}