{"id":87,"date":"2024-07-09T08:50:05","date_gmt":"2024-07-09T08:50:05","guid":{"rendered":"https:\/\/wwbn.wgsr.uw.edu.pl\/?page_id=87"},"modified":"2025-10-04T19:50:50","modified_gmt":"2025-10-04T19:50:50","slug":"rejestracja","status":"publish","type":"page","link":"https:\/\/wwbn.wgsr.uw.edu.pl\/?page_id=87","title":{"rendered":"Rejestracja"},"content":{"rendered":"\n<p><strong>Do 15\u202flipca\u202f2025\u202fr<\/strong>. czekamy na propozycje referat\u00f3w i poster\u00f3w. <br>Zg\u0142oszenia przyjmujemy wy\u0142\u0105cznie przez formularz: <a href=\"https:\/\/forms.gle\/HezoW6YNWaR6yrct9\" data-type=\"link\" data-id=\"https:\/\/forms.gle\/HezoW6YNWaR6yrct9\">https:\/\/forms.gle\/HezoW6YNWaR6yrct9<\/a><\/p>\n\n\n\n<hr class=\"wp-block-separator has-alpha-channel-opacity\"\/>\n\n\n\n<p><a id=\"_msocom_1\"><\/a><\/p>\n\n\n\n<p><\/p>\n\n\n\n<p>Formularz rejestracyjny dla uczestnik\u00f3w biernych (s\u0142uchaczy):<\/p>\n\n\n\n<p><a href=\"https:\/\/forms.gle\/2GbxFYH58iFiYVct9\">https:\/\/forms.gle\/2GbxFYH58iFiYVct9<\/a><\/p>\n\n\n\n<p><\/p>\n","protected":false},"excerpt":{"rendered":"<p>Do 15\u202flipca\u202f2025\u202fr. czekamy na propozycje referat\u00f3w i poster\u00f3w. Zg\u0142oszenia przyjmujemy wy\u0142\u0105cznie przez formularz: https:\/\/forms.gle\/HezoW6YNWaR6yrct9 Formularz rejestracyjny dla uczestnik\u00f3w biernych (s\u0142uchaczy): https:\/\/forms.gle\/2GbxFYH58iFiYVct9<\/p>\n","protected":false},"author":3,"featured_media":0,"parent":0,"menu_order":0,"comment_status":"closed","ping_status":"closed","template":"","meta":{"hide_page_title":"","_coblocks_attr":"","_coblocks_dimensions":"","_coblocks_responsive_height":"","_coblocks_accordion_ie_support":"","footnotes":""},"class_list":["post-87","page","type-page","status-publish","hentry"],"_links":{"self":[{"href":"https:\/\/wwbn.wgsr.uw.edu.pl\/index.php?rest_route=\/wp\/v2\/pages\/87","targetHints":{"allow":["GET"]}}],"collection":[{"href":"https:\/\/wwbn.wgsr.uw.edu.pl\/index.php?rest_route=\/wp\/v2\/pages"}],"about":[{"href":"https:\/\/wwbn.wgsr.uw.edu.pl\/index.php?rest_route=\/wp\/v2\/types\/page"}],"author":[{"embeddable":true,"href":"https:\/\/wwbn.wgsr.uw.edu.pl\/index.php?rest_route=\/wp\/v2\/users\/3"}],"replies":[{"embeddable":true,"href":"https:\/\/wwbn.wgsr.uw.edu.pl\/index.php?rest_route=%2Fwp%2Fv2%2Fcomments&post=87"}],"version-history":[{"count":7,"href":"https:\/\/wwbn.wgsr.uw.edu.pl\/index.php?rest_route=\/wp\/v2\/pages\/87\/revisions"}],"predecessor-version":[{"id":341,"href":"https:\/\/wwbn.wgsr.uw.edu.pl\/index.php?rest_route=\/wp\/v2\/pages\/87\/revisions\/341"}],"wp:attachment":[{"href":"https:\/\/wwbn.wgsr.uw.edu.pl\/index.php?rest_route=%2Fwp%2Fv2%2Fmedia&parent=87"}],"curies":[{"name":"wp","href":"https:\/\/api.w.org\/{rel}","templated":true}]}}