{"id":50,"date":"2024-07-08T08:22:00","date_gmt":"2024-07-08T08:22:00","guid":{"rendered":"https:\/\/wwbn.wgsr.uw.edu.pl\/?page_id=50"},"modified":"2025-10-04T19:50:09","modified_gmt":"2025-10-04T19:50:09","slug":"terminy","status":"publish","type":"page","link":"https:\/\/wwbn.wgsr.uw.edu.pl\/?page_id=50","title":{"rendered":"Terminy"},"content":{"rendered":"\n<p>Propozycje referat\u00f3w i poster\u00f3w &#8211; <strong>do 10 wrze\u015bnia  2025 r.<\/strong><\/p>\n\n\n\n<p>\ud83d\udc49 Formularz zg\u0142oszeniowy:<br><a class=\"\" href=\"https:\/\/forms.gle\/HezoW6YNWaR6yrct9\">https:\/\/forms.gle\/HezoW6YNWaR6yrct9<\/a><\/p>\n\n\n\n<p><\/p>\n\n\n\n<p><\/p>\n\n\n\n<p>Potwierdzenie przyj\u0119cia referatu \/ postera &#8211; <strong>do 10 pa\u017adziernika 2025 r.<\/strong><\/p>\n\n\n\n<p><\/p>\n\n\n\n<p><\/p>\n\n\n\n<p>Rejestracja uczestnik\u00f3w biernych (s\u0142uchaczy) &#8211; <strong>od 1 pa\u017adziernika 2025 r. <\/strong><\/p>\n\n\n\n<p><a href=\"https:\/\/forms.gle\/2GbxFYH58iFiYVct9\">https:\/\/forms.gle\/2GbxFYH58iFiYVct9<\/a><\/p>\n\n\n\n<p><\/p>\n","protected":false},"excerpt":{"rendered":"<p>Propozycje referat\u00f3w i poster\u00f3w &#8211; do 10 wrze\u015bnia 2025 r. \ud83d\udc49 Formularz zg\u0142oszeniowy:https:\/\/forms.gle\/HezoW6YNWaR6yrct9 Potwierdzenie przyj\u0119cia referatu \/ postera &#8211; do 10 pa\u017adziernika 2025 r. Rejestracja uczestnik\u00f3w biernych (s\u0142uchaczy) &#8211; od 1 pa\u017adziernika 2025 r. https:\/\/forms.gle\/2GbxFYH58iFiYVct9<\/p>\n","protected":false},"author":3,"featured_media":0,"parent":0,"menu_order":0,"comment_status":"closed","ping_status":"closed","template":"","meta":{"hide_page_title":"","_coblocks_attr":"","_coblocks_dimensions":"","_coblocks_responsive_height":"","_coblocks_accordion_ie_support":"","footnotes":""},"class_list":["post-50","page","type-page","status-publish","hentry"],"_links":{"self":[{"href":"https:\/\/wwbn.wgsr.uw.edu.pl\/index.php?rest_route=\/wp\/v2\/pages\/50","targetHints":{"allow":["GET"]}}],"collection":[{"href":"https:\/\/wwbn.wgsr.uw.edu.pl\/index.php?rest_route=\/wp\/v2\/pages"}],"about":[{"href":"https:\/\/wwbn.wgsr.uw.edu.pl\/index.php?rest_route=\/wp\/v2\/types\/page"}],"author":[{"embeddable":true,"href":"https:\/\/wwbn.wgsr.uw.edu.pl\/index.php?rest_route=\/wp\/v2\/users\/3"}],"replies":[{"embeddable":true,"href":"https:\/\/wwbn.wgsr.uw.edu.pl\/index.php?rest_route=%2Fwp%2Fv2%2Fcomments&post=50"}],"version-history":[{"count":12,"href":"https:\/\/wwbn.wgsr.uw.edu.pl\/index.php?rest_route=\/wp\/v2\/pages\/50\/revisions"}],"predecessor-version":[{"id":340,"href":"https:\/\/wwbn.wgsr.uw.edu.pl\/index.php?rest_route=\/wp\/v2\/pages\/50\/revisions\/340"}],"wp:attachment":[{"href":"https:\/\/wwbn.wgsr.uw.edu.pl\/index.php?rest_route=%2Fwp%2Fv2%2Fmedia&parent=50"}],"curies":[{"name":"wp","href":"https:\/\/api.w.org\/{rel}","templated":true}]}}