{"id":256,"date":"2024-11-26T19:01:05","date_gmt":"2024-11-26T19:01:05","guid":{"rendered":"https:\/\/wwbn.wgsr.uw.edu.pl\/?page_id=256"},"modified":"2025-10-29T19:36:39","modified_gmt":"2025-10-29T19:36:39","slug":"postery","status":"publish","type":"page","link":"https:\/\/wwbn.wgsr.uw.edu.pl\/?page_id=256","title":{"rendered":"Postery"},"content":{"rendered":"\n<p><strong>Zapraszamy do zapoznania si\u0119 z posterami konferencyjnymi z IV edycji konferencji!<\/strong><\/p>\n\n\n\n<p>W ramach konferencji przygotowali\u015bmy dla Pa\u0144stwa r\u00f3wnie\u017c <strong>galeri\u0119 poster\u00f3w<\/strong>, kt\u00f3re s\u0105 prezentowane w trakcie konferencji. To wyj\u0105tkowa okazja, aby:<\/p>\n\n\n\n<ul class=\"wp-block-list\">\n<li><strong>Zyska\u0107 nowe inspiracje<\/strong> i pomys\u0142y dzi\u0119ki r\u00f3\u017cnorodnym podej\u015bciom i zastosowanym metodom badawczym,<\/li>\n<\/ul>\n\n\n\n<ul class=\"wp-block-list\">\n<li><strong>Przyjrze\u0107 si\u0119 szczeg\u00f3\u0142om bada\u0144<\/strong> w przejrzystej, wizualnej formie,<\/li>\n<\/ul>\n\n\n\n<ul class=\"wp-block-list\">\n<li><strong>We w\u0142asnym tempie<\/strong> zapozna\u0107 si\u0119 z poruszan\u0105 tematyk\u0105. <\/li>\n<\/ul>\n\n\n\n<p>\ud83d\udccc <strong>Nie trzeba si\u0119 spieszy\u0107 \u2013 postery dost\u0119pne s\u0105 przez ca\u0142y czas trwania konferencji<\/strong> w Centrum Kreatywno\u015bci Targowa ale r\u00f3wnie\u017c online, co daje mo\u017cliwo\u015b\u0107 spokojnego ich przeanalizowania. Znajd\u017a chwil\u0119, aby zag\u0142\u0119bi\u0107 si\u0119 w ich tre\u015b\u0107 i odkryj nowe perspektywy!<\/p>\n\n\n\n<p>\ud83d\udc49 <strong>Zapraszamy do odwiedzenia sekcji posterowej<\/strong> \u2013 wiedza na wyci\u0105gni\u0119cie r\u0119ki, teraz jeszcze bardziej dost\u0119pna!<\/p>\n\n\n\n<p><\/p>\n\n\n\n<p>Dorota Rozmus (Urz\u0105d Statystyczny w Katowicach, Uniwersytet Ekonomiczny w Katowicach) \u2013 <em>Gospodarcze reperkusje pandemii: analiza regionu Warszawskiego sto\u0142ecznego<\/em><\/p>\n\n\n\n<div data-wp-interactive=\"core\/file\" class=\"wp-block-file\"><object data-wp-bind--hidden=\"!state.hasPdfPreview\" hidden class=\"wp-block-file__embed\" data=\"https:\/\/wwbn.wgsr.uw.edu.pl\/wp-content\/uploads\/2024\/11\/Poster_DRozmus.pdf\" type=\"application\/pdf\" style=\"width:100%;height:897px\" aria-label=\"Osadzone z Poster_DRozmus.\"><\/object><a id=\"wp-block-file--media-c957de3d-2171-4f4a-ad6b-6410cafffd4c\" href=\"https:\/\/wwbn.wgsr.uw.edu.pl\/wp-content\/uploads\/2024\/11\/Poster_DRozmus.pdf\">Poster_DRozmus<\/a><\/div>\n\n\n\n<p><\/p>\n\n\n\n<p><\/p>\n\n\n\n<p>Rita G\u00f3ralska-Walczak, Dominika \u015arednicka-Tober (Szko\u0142a G\u0142\u00f3wna Gospodarstwa Wiejskiego w Warszawie) \u2013 <em>Diagnoza i opracowanie wybranej \u015bcie\u017cki transformacji systemu \u017cywno\u015bciowego miasta Warszawy pod k\u0105tem zr\u00f3wnowa\u017conego gospodarowania \u017cywno\u015bci\u0105 w organizacji \u017cywienia zbiorowego \u2013 kodeks dobrych praktyk<\/em><\/p>\n\n\n\n<div data-wp-interactive=\"core\/file\" class=\"wp-block-file\"><object data-wp-bind--hidden=\"!state.hasPdfPreview\" hidden class=\"wp-block-file__embed\" data=\"https:\/\/wwbn.wgsr.uw.edu.pl\/wp-content\/uploads\/2024\/11\/Poster_R.-Goralczyk-Walczak.pdf\" type=\"application\/pdf\" style=\"width:100%;height:986px\" aria-label=\"Osadzone z Poster_R. G\u00f3ralczyk-Walczak.\"><\/object><a id=\"wp-block-file--media-2e88d384-7fc8-4580-b42a-90a4db21b296\" href=\"https:\/\/wwbn.wgsr.uw.edu.pl\/wp-content\/uploads\/2024\/11\/Poster_R.-Goralczyk-Walczak.pdf\">Poster_R. G\u00f3ralczyk-Walczak<\/a><\/div>\n\n\n\n<p>Jan Samocki, Magdalena Mizera (Uniwersytet Warszawski) \u2013 <em>Do\u015bwiadczanie przestrzeni bliskiej przez warszawskie seniorki \u2013 rozmowy z Warszawiankami w wieku 65+<\/em><\/p>\n\n\n\n<div data-wp-interactive=\"core\/file\" class=\"wp-block-file\"><object data-wp-bind--hidden=\"!state.hasPdfPreview\" hidden class=\"wp-block-file__embed\" data=\"https:\/\/wwbn.wgsr.uw.edu.pl\/wp-content\/uploads\/2024\/11\/Poster_Mizera_Samocki.pdf\" type=\"application\/pdf\" style=\"width:100%;height:557px\" aria-label=\"Osadzone z Poster_Mizera_Samocki.\"><\/object><a id=\"wp-block-file--media-7e6c129e-40e7-4978-8b49-c369b1069b17\" href=\"https:\/\/wwbn.wgsr.uw.edu.pl\/wp-content\/uploads\/2024\/11\/Poster_Mizera_Samocki.pdf\">Poster_Mizera_Samocki<\/a><\/div>\n\n\n\n<p>Martyna Sydor\u00f3w (Uniwersytet Gda\u0144ski) \u2013 <em>Suburbanizacja wewn\u0105trzmiejska a dost\u0119pno\u015b\u0107 transportowa. Studium przypadku Warszawy<\/em><\/p>\n\n\n\n<div data-wp-interactive=\"core\/file\" class=\"wp-block-file\"><object data-wp-bind--hidden=\"!state.hasPdfPreview\" hidden class=\"wp-block-file__embed\" data=\"https:\/\/wwbn.wgsr.uw.edu.pl\/wp-content\/uploads\/2024\/11\/Sydorow_M_poster.pdf\" type=\"application\/pdf\" style=\"width:100%;height:970px\" aria-label=\"Osadzone z Sydorow_M_poster.\"><\/object><a id=\"wp-block-file--media-58a95cdd-bf8f-440f-b1d7-2e28b1586a29\" href=\"https:\/\/wwbn.wgsr.uw.edu.pl\/wp-content\/uploads\/2024\/11\/Sydorow_M_poster.pdf\">Sydorow_M_poster<\/a><\/div>\n\n\n\n<p>Aleksandra Prusak, Jan Frankowski (Instytut Bada\u0144 Strukturalnych, Uniwersytet Warszawski) \u2013 <em>Wykorzystanie danych administracyjnych do diagnozy i planowania modernizacji energetycznej budynk\u00f3w w Warszawie \u2013 przyk\u0142ad projektu CARE<\/em><\/p>\n\n\n\n<div data-wp-interactive=\"core\/file\" class=\"wp-block-file\"><object data-wp-bind--hidden=\"!state.hasPdfPreview\" hidden class=\"wp-block-file__embed\" data=\"https:\/\/wwbn.wgsr.uw.edu.pl\/wp-content\/uploads\/2024\/11\/poster_A.Prusak.pdf\" type=\"application\/pdf\" style=\"width:100%;height:768px\" aria-label=\"Osadzone z poster_A.Prusak.\"><\/object><a id=\"wp-block-file--media-d71ca1cf-20a6-4ddd-9895-d528972f18bf\" href=\"https:\/\/wwbn.wgsr.uw.edu.pl\/wp-content\/uploads\/2024\/11\/poster_A.Prusak.pdf\">poster_A.Prusak<\/a><\/div>\n","protected":false},"excerpt":{"rendered":"<p>Zapraszamy do zapoznania si\u0119 z posterami konferencyjnymi z IV edycji konferencji! W ramach konferencji przygotowali\u015bmy dla Pa\u0144stwa r\u00f3wnie\u017c galeri\u0119 poster\u00f3w, kt\u00f3re s\u0105 prezentowane w trakcie konferencji. To wyj\u0105tkowa okazja, aby: \ud83d\udccc Nie trzeba si\u0119 spieszy\u0107 \u2013 postery dost\u0119pne s\u0105 przez ca\u0142y czas trwania konferencji w Centrum Kreatywno\u015bci Targowa ale r\u00f3wnie\u017c online, co daje mo\u017cliwo\u015b\u0107 spokojnego [&hellip;]<\/p>\n","protected":false},"author":2,"featured_media":0,"parent":0,"menu_order":0,"comment_status":"closed","ping_status":"closed","template":"","meta":{"hide_page_title":"","_coblocks_attr":"","_coblocks_dimensions":"","_coblocks_responsive_height":"","_coblocks_accordion_ie_support":"","footnotes":""},"class_list":["post-256","page","type-page","status-publish","hentry"],"_links":{"self":[{"href":"https:\/\/wwbn.wgsr.uw.edu.pl\/index.php?rest_route=\/wp\/v2\/pages\/256","targetHints":{"allow":["GET"]}}],"collection":[{"href":"https:\/\/wwbn.wgsr.uw.edu.pl\/index.php?rest_route=\/wp\/v2\/pages"}],"about":[{"href":"https:\/\/wwbn.wgsr.uw.edu.pl\/index.php?rest_route=\/wp\/v2\/types\/page"}],"author":[{"embeddable":true,"href":"https:\/\/wwbn.wgsr.uw.edu.pl\/index.php?rest_route=\/wp\/v2\/users\/2"}],"replies":[{"embeddable":true,"href":"https:\/\/wwbn.wgsr.uw.edu.pl\/index.php?rest_route=%2Fwp%2Fv2%2Fcomments&post=256"}],"version-history":[{"count":3,"href":"https:\/\/wwbn.wgsr.uw.edu.pl\/index.php?rest_route=\/wp\/v2\/pages\/256\/revisions"}],"predecessor-version":[{"id":359,"href":"https:\/\/wwbn.wgsr.uw.edu.pl\/index.php?rest_route=\/wp\/v2\/pages\/256\/revisions\/359"}],"wp:attachment":[{"href":"https:\/\/wwbn.wgsr.uw.edu.pl\/index.php?rest_route=%2Fwp%2Fv2%2Fmedia&parent=256"}],"curies":[{"name":"wp","href":"https:\/\/api.w.org\/{rel}","templated":true}]}}