{"id":249,"date":"2024-11-26T18:43:32","date_gmt":"2024-11-26T18:43:32","guid":{"rendered":"https:\/\/wwbn.wgsr.uw.edu.pl\/?page_id=249"},"modified":"2024-11-26T18:45:49","modified_gmt":"2024-11-26T18:45:49","slug":"abstrakty","status":"publish","type":"page","link":"https:\/\/wwbn.wgsr.uw.edu.pl\/?page_id=249","title":{"rendered":"Abstrakty"},"content":{"rendered":"\n<p>Zapraszamy do zapoznania si\u0119 z Ksi\u0105\u017ck\u0105 Abstrakt\u00f3w! W jednym miejscu zebrali\u015bmy abstrakty wszystkich wyst\u0105pie\u0144 oraz poster\u00f3w. <\/p>\n\n\n\n<div data-wp-interactive=\"core\/file\" class=\"wp-block-file\"><object data-wp-bind--hidden=\"!state.hasPdfPreview\" hidden class=\"wp-block-file__embed\" data=\"https:\/\/wwbn.wgsr.uw.edu.pl\/wp-content\/uploads\/2024\/11\/WWBN_Abstrakty_2024.pdf\" type=\"application\/pdf\" style=\"width:100%;height:600px\" aria-label=\"Osadzone z WWBN_Abstrakty_2024.\"><\/object><a id=\"wp-block-file--media-67272586-b6d5-4601-9398-b07fade8cbb0\" href=\"https:\/\/wwbn.wgsr.uw.edu.pl\/wp-content\/uploads\/2024\/11\/WWBN_Abstrakty_2024.pdf\">WWBN_Abstrakty_2024<\/a><a href=\"https:\/\/wwbn.wgsr.uw.edu.pl\/wp-content\/uploads\/2024\/11\/WWBN_Abstrakty_2024.pdf\" class=\"wp-block-file__button wp-element-button\" download aria-describedby=\"wp-block-file--media-67272586-b6d5-4601-9398-b07fade8cbb0\">Pobierz<\/a><\/div>\n","protected":false},"excerpt":{"rendered":"<p>Zapraszamy do zapoznania si\u0119 z Ksi\u0105\u017ck\u0105 Abstrakt\u00f3w! W jednym miejscu zebrali\u015bmy abstrakty wszystkich wyst\u0105pie\u0144 oraz poster\u00f3w.<\/p>\n","protected":false},"author":2,"featured_media":0,"parent":0,"menu_order":0,"comment_status":"closed","ping_status":"closed","template":"","meta":{"hide_page_title":"","_coblocks_attr":"","_coblocks_dimensions":"","_coblocks_responsive_height":"","_coblocks_accordion_ie_support":"","footnotes":""},"class_list":["post-249","page","type-page","status-publish","hentry"],"_links":{"self":[{"href":"https:\/\/wwbn.wgsr.uw.edu.pl\/index.php?rest_route=\/wp\/v2\/pages\/249","targetHints":{"allow":["GET"]}}],"collection":[{"href":"https:\/\/wwbn.wgsr.uw.edu.pl\/index.php?rest_route=\/wp\/v2\/pages"}],"about":[{"href":"https:\/\/wwbn.wgsr.uw.edu.pl\/index.php?rest_route=\/wp\/v2\/types\/page"}],"author":[{"embeddable":true,"href":"https:\/\/wwbn.wgsr.uw.edu.pl\/index.php?rest_route=\/wp\/v2\/users\/2"}],"replies":[{"embeddable":true,"href":"https:\/\/wwbn.wgsr.uw.edu.pl\/index.php?rest_route=%2Fwp%2Fv2%2Fcomments&post=249"}],"version-history":[{"count":3,"href":"https:\/\/wwbn.wgsr.uw.edu.pl\/index.php?rest_route=\/wp\/v2\/pages\/249\/revisions"}],"predecessor-version":[{"id":255,"href":"https:\/\/wwbn.wgsr.uw.edu.pl\/index.php?rest_route=\/wp\/v2\/pages\/249\/revisions\/255"}],"wp:attachment":[{"href":"https:\/\/wwbn.wgsr.uw.edu.pl\/index.php?rest_route=%2Fwp%2Fv2%2Fmedia&parent=249"}],"curies":[{"name":"wp","href":"https:\/\/api.w.org\/{rel}","templated":true}]}}