{"id":183,"date":"2024-10-25T12:48:37","date_gmt":"2024-10-25T12:48:37","guid":{"rendered":"https:\/\/wwbn.wgsr.uw.edu.pl\/?page_id=183"},"modified":"2024-10-25T13:11:22","modified_gmt":"2024-10-25T13:11:22","slug":"lokalizacja","status":"publish","type":"page","link":"https:\/\/wwbn.wgsr.uw.edu.pl\/?page_id=183","title":{"rendered":"Lokalizacja"},"content":{"rendered":"\n<p>Konferencja odb\u0119dzie si\u0119 w Warszawie, w Centrum Kreatywno\u015bci Targowa przy ulicy Targowej 56. <\/p>\n\n\n\n<p><\/p>\n\n\n\n<p><\/p>\n\n\n\n<p>Jak dojecha\u0107?<\/p>\n\n\n\n<p><\/p>\n\n\n\n<p><a href=\"https:\/\/www.openstreetmap.org\/?mlat=52.251917&amp;mlon=21.038134#map=19\/52.251917\/21.038134\">https:\/\/www.openstreetmap.org\/?mlat=52.251917&amp;mlon=21.038134#map=19\/52.251917\/21.038134<\/a><\/p>\n\n\n\n<figure class=\"wp-block-image size-large\"><img loading=\"lazy\" decoding=\"async\" width=\"1024\" height=\"690\" src=\"https:\/\/wwbn.wgsr.uw.edu.pl\/wp-content\/uploads\/2024\/10\/map-1024x690.png\" alt=\"\" class=\"wp-image-194\" srcset=\"https:\/\/wwbn.wgsr.uw.edu.pl\/wp-content\/uploads\/2024\/10\/map-1024x690.png 1024w, https:\/\/wwbn.wgsr.uw.edu.pl\/wp-content\/uploads\/2024\/10\/map-300x202.png 300w, https:\/\/wwbn.wgsr.uw.edu.pl\/wp-content\/uploads\/2024\/10\/map-768x518.png 768w, https:\/\/wwbn.wgsr.uw.edu.pl\/wp-content\/uploads\/2024\/10\/map-1536x1035.png 1536w, https:\/\/wwbn.wgsr.uw.edu.pl\/wp-content\/uploads\/2024\/10\/map-2048x1380.png 2048w\" sizes=\"auto, (max-width: 1024px) 100vw, 1024px\" \/><\/figure>\n\n\n\n<p><\/p>\n","protected":false},"excerpt":{"rendered":"<p>Konferencja odb\u0119dzie si\u0119 w Warszawie, w Centrum Kreatywno\u015bci Targowa przy ulicy Targowej 56. Jak dojecha\u0107? https:\/\/www.openstreetmap.org\/?mlat=52.251917&amp;mlon=21.038134#map=19\/52.251917\/21.038134<\/p>\n","protected":false},"author":2,"featured_media":0,"parent":0,"menu_order":0,"comment_status":"closed","ping_status":"closed","template":"","meta":{"hide_page_title":"","_coblocks_attr":"","_coblocks_dimensions":"","_coblocks_responsive_height":"","_coblocks_accordion_ie_support":"","footnotes":""},"class_list":["post-183","page","type-page","status-publish","hentry"],"_links":{"self":[{"href":"https:\/\/wwbn.wgsr.uw.edu.pl\/index.php?rest_route=\/wp\/v2\/pages\/183","targetHints":{"allow":["GET"]}}],"collection":[{"href":"https:\/\/wwbn.wgsr.uw.edu.pl\/index.php?rest_route=\/wp\/v2\/pages"}],"about":[{"href":"https:\/\/wwbn.wgsr.uw.edu.pl\/index.php?rest_route=\/wp\/v2\/types\/page"}],"author":[{"embeddable":true,"href":"https:\/\/wwbn.wgsr.uw.edu.pl\/index.php?rest_route=\/wp\/v2\/users\/2"}],"replies":[{"embeddable":true,"href":"https:\/\/wwbn.wgsr.uw.edu.pl\/index.php?rest_route=%2Fwp%2Fv2%2Fcomments&post=183"}],"version-history":[{"count":5,"href":"https:\/\/wwbn.wgsr.uw.edu.pl\/index.php?rest_route=\/wp\/v2\/pages\/183\/revisions"}],"predecessor-version":[{"id":206,"href":"https:\/\/wwbn.wgsr.uw.edu.pl\/index.php?rest_route=\/wp\/v2\/pages\/183\/revisions\/206"}],"wp:attachment":[{"href":"https:\/\/wwbn.wgsr.uw.edu.pl\/index.php?rest_route=%2Fwp%2Fv2%2Fmedia&parent=183"}],"curies":[{"name":"wp","href":"https:\/\/api.w.org\/{rel}","templated":true}]}}