{"id":181,"date":"2024-10-25T12:48:37","date_gmt":"2024-10-25T12:48:37","guid":{"rendered":"https:\/\/wwbn.wgsr.uw.edu.pl\/?page_id=181"},"modified":"2025-11-26T10:20:16","modified_gmt":"2025-11-26T10:20:16","slug":"program","status":"publish","type":"page","link":"https:\/\/wwbn.wgsr.uw.edu.pl\/?page_id=181","title":{"rendered":"Program"},"content":{"rendered":"\n<p>Zapraszamy do zapoznania si\u0119 z aktualn\u0105 wersj\u0105 programu! <\/p>\n\n\n\n<figure class=\"wp-block-image size-large\"><img loading=\"lazy\" decoding=\"async\" width=\"725\" height=\"1024\" src=\"https:\/\/wwbn.wgsr.uw.edu.pl\/wp-content\/uploads\/2025\/11\/WWBN_program_2025v05_page-0001-725x1024.jpg\" alt=\"\" class=\"wp-image-387\" srcset=\"https:\/\/wwbn.wgsr.uw.edu.pl\/wp-content\/uploads\/2025\/11\/WWBN_program_2025v05_page-0001-725x1024.jpg 725w, https:\/\/wwbn.wgsr.uw.edu.pl\/wp-content\/uploads\/2025\/11\/WWBN_program_2025v05_page-0001-212x300.jpg 212w, https:\/\/wwbn.wgsr.uw.edu.pl\/wp-content\/uploads\/2025\/11\/WWBN_program_2025v05_page-0001-768x1085.jpg 768w, https:\/\/wwbn.wgsr.uw.edu.pl\/wp-content\/uploads\/2025\/11\/WWBN_program_2025v05_page-0001-1087x1536.jpg 1087w, https:\/\/wwbn.wgsr.uw.edu.pl\/wp-content\/uploads\/2025\/11\/WWBN_program_2025v05_page-0001.jpg 1241w\" sizes=\"auto, (max-width: 725px) 100vw, 725px\" \/><\/figure>\n\n\n\n<figure class=\"wp-block-image size-large\"><img loading=\"lazy\" decoding=\"async\" width=\"725\" height=\"1024\" src=\"https:\/\/wwbn.wgsr.uw.edu.pl\/wp-content\/uploads\/2025\/11\/WWBN_program_2025v05_page-0002-725x1024.jpg\" alt=\"\" class=\"wp-image-388\" srcset=\"https:\/\/wwbn.wgsr.uw.edu.pl\/wp-content\/uploads\/2025\/11\/WWBN_program_2025v05_page-0002-725x1024.jpg 725w, https:\/\/wwbn.wgsr.uw.edu.pl\/wp-content\/uploads\/2025\/11\/WWBN_program_2025v05_page-0002-212x300.jpg 212w, https:\/\/wwbn.wgsr.uw.edu.pl\/wp-content\/uploads\/2025\/11\/WWBN_program_2025v05_page-0002-768x1085.jpg 768w, https:\/\/wwbn.wgsr.uw.edu.pl\/wp-content\/uploads\/2025\/11\/WWBN_program_2025v05_page-0002-1087x1536.jpg 1087w, https:\/\/wwbn.wgsr.uw.edu.pl\/wp-content\/uploads\/2025\/11\/WWBN_program_2025v05_page-0002.jpg 1241w\" sizes=\"auto, (max-width: 725px) 100vw, 725px\" \/><\/figure>\n\n\n\n<figure class=\"wp-block-image size-large\"><img loading=\"lazy\" decoding=\"async\" width=\"725\" height=\"1024\" src=\"https:\/\/wwbn.wgsr.uw.edu.pl\/wp-content\/uploads\/2025\/11\/WWBN_program_2025v05_page-0003-725x1024.jpg\" alt=\"\" class=\"wp-image-389\" srcset=\"https:\/\/wwbn.wgsr.uw.edu.pl\/wp-content\/uploads\/2025\/11\/WWBN_program_2025v05_page-0003-725x1024.jpg 725w, https:\/\/wwbn.wgsr.uw.edu.pl\/wp-content\/uploads\/2025\/11\/WWBN_program_2025v05_page-0003-212x300.jpg 212w, https:\/\/wwbn.wgsr.uw.edu.pl\/wp-content\/uploads\/2025\/11\/WWBN_program_2025v05_page-0003-768x1085.jpg 768w, https:\/\/wwbn.wgsr.uw.edu.pl\/wp-content\/uploads\/2025\/11\/WWBN_program_2025v05_page-0003-1087x1536.jpg 1087w, https:\/\/wwbn.wgsr.uw.edu.pl\/wp-content\/uploads\/2025\/11\/WWBN_program_2025v05_page-0003.jpg 1241w\" sizes=\"auto, (max-width: 725px) 100vw, 725px\" \/><\/figure>\n\n\n\n<figure class=\"wp-block-image size-large\"><img loading=\"lazy\" decoding=\"async\" width=\"725\" height=\"1024\" src=\"https:\/\/wwbn.wgsr.uw.edu.pl\/wp-content\/uploads\/2025\/11\/WWBN_program_2025v05_page-0004-725x1024.jpg\" alt=\"\" class=\"wp-image-390\" srcset=\"https:\/\/wwbn.wgsr.uw.edu.pl\/wp-content\/uploads\/2025\/11\/WWBN_program_2025v05_page-0004-725x1024.jpg 725w, https:\/\/wwbn.wgsr.uw.edu.pl\/wp-content\/uploads\/2025\/11\/WWBN_program_2025v05_page-0004-212x300.jpg 212w, https:\/\/wwbn.wgsr.uw.edu.pl\/wp-content\/uploads\/2025\/11\/WWBN_program_2025v05_page-0004-768x1085.jpg 768w, https:\/\/wwbn.wgsr.uw.edu.pl\/wp-content\/uploads\/2025\/11\/WWBN_program_2025v05_page-0004-1087x1536.jpg 1087w, https:\/\/wwbn.wgsr.uw.edu.pl\/wp-content\/uploads\/2025\/11\/WWBN_program_2025v05_page-0004.jpg 1241w\" sizes=\"auto, (max-width: 725px) 100vw, 725px\" \/><\/figure>\n","protected":false},"excerpt":{"rendered":"<p>Zapraszamy do zapoznania si\u0119 z aktualn\u0105 wersj\u0105 programu!<\/p>\n","protected":false},"author":2,"featured_media":0,"parent":0,"menu_order":0,"comment_status":"closed","ping_status":"closed","template":"","meta":{"hide_page_title":"","_coblocks_attr":"","_coblocks_dimensions":"","_coblocks_responsive_height":"","_coblocks_accordion_ie_support":"","footnotes":""},"class_list":["post-181","page","type-page","status-publish","hentry"],"_links":{"self":[{"href":"https:\/\/wwbn.wgsr.uw.edu.pl\/index.php?rest_route=\/wp\/v2\/pages\/181","targetHints":{"allow":["GET"]}}],"collection":[{"href":"https:\/\/wwbn.wgsr.uw.edu.pl\/index.php?rest_route=\/wp\/v2\/pages"}],"about":[{"href":"https:\/\/wwbn.wgsr.uw.edu.pl\/index.php?rest_route=\/wp\/v2\/types\/page"}],"author":[{"embeddable":true,"href":"https:\/\/wwbn.wgsr.uw.edu.pl\/index.php?rest_route=\/wp\/v2\/users\/2"}],"replies":[{"embeddable":true,"href":"https:\/\/wwbn.wgsr.uw.edu.pl\/index.php?rest_route=%2Fwp%2Fv2%2Fcomments&post=181"}],"version-history":[{"count":12,"href":"https:\/\/wwbn.wgsr.uw.edu.pl\/index.php?rest_route=\/wp\/v2\/pages\/181\/revisions"}],"predecessor-version":[{"id":392,"href":"https:\/\/wwbn.wgsr.uw.edu.pl\/index.php?rest_route=\/wp\/v2\/pages\/181\/revisions\/392"}],"wp:attachment":[{"href":"https:\/\/wwbn.wgsr.uw.edu.pl\/index.php?rest_route=%2Fwp%2Fv2%2Fmedia&parent=181"}],"curies":[{"name":"wp","href":"https:\/\/api.w.org\/{rel}","templated":true}]}}