{"id":135,"date":"2024-09-30T20:54:05","date_gmt":"2024-09-30T20:54:05","guid":{"rendered":"https:\/\/wwbn.wgsr.uw.edu.pl\/?page_id=135"},"modified":"2025-10-29T19:38:45","modified_gmt":"2025-10-29T19:38:45","slug":"patronat","status":"publish","type":"page","link":"https:\/\/wwbn.wgsr.uw.edu.pl\/?page_id=135","title":{"rendered":"Patronat"},"content":{"rendered":"\n<p class=\"has-huge-font-size\">Patronat honorowy &#8211; Prezes G\u0142\u00f3wnego Urz\u0119du Statystycznego<\/p>\n\n\n\n<p><\/p>\n\n\n\n<figure class=\"wp-block-image size-large\"><img loading=\"lazy\" decoding=\"async\" width=\"1024\" height=\"569\" src=\"https:\/\/wwbn.wgsr.uw.edu.pl\/wp-content\/uploads\/2025\/10\/logo_gus_wersja_podstawowa_wariant_kolorowy-1024x569.jpg\" alt=\"\" class=\"wp-image-361\" srcset=\"https:\/\/wwbn.wgsr.uw.edu.pl\/wp-content\/uploads\/2025\/10\/logo_gus_wersja_podstawowa_wariant_kolorowy-1024x569.jpg 1024w, https:\/\/wwbn.wgsr.uw.edu.pl\/wp-content\/uploads\/2025\/10\/logo_gus_wersja_podstawowa_wariant_kolorowy-300x167.jpg 300w, https:\/\/wwbn.wgsr.uw.edu.pl\/wp-content\/uploads\/2025\/10\/logo_gus_wersja_podstawowa_wariant_kolorowy-768x427.jpg 768w, https:\/\/wwbn.wgsr.uw.edu.pl\/wp-content\/uploads\/2025\/10\/logo_gus_wersja_podstawowa_wariant_kolorowy-1536x853.jpg 1536w, https:\/\/wwbn.wgsr.uw.edu.pl\/wp-content\/uploads\/2025\/10\/logo_gus_wersja_podstawowa_wariant_kolorowy-2048x1138.jpg 2048w\" sizes=\"auto, (max-width: 1024px) 100vw, 1024px\" \/><\/figure>\n\n\n\n<p class=\"has-medium-font-size\"><\/p>\n\n\n\n<p><br><\/p>\n\n\n\n<hr class=\"wp-block-separator has-alpha-channel-opacity\"\/>\n\n\n\n<p class=\"has-huge-font-size\">Patronat medialny<\/p>\n\n\n\n<figure class=\"wp-block-image size-large is-resized\"><img loading=\"lazy\" decoding=\"async\" width=\"1024\" height=\"1024\" src=\"https:\/\/wwbn.wgsr.uw.edu.pl\/wp-content\/uploads\/2025\/10\/RDC_logo_2024_kolor-1024x1024.jpg\" alt=\"\" class=\"wp-image-344\" style=\"width:257px;height:auto\" srcset=\"https:\/\/wwbn.wgsr.uw.edu.pl\/wp-content\/uploads\/2025\/10\/RDC_logo_2024_kolor-1024x1024.jpg 1024w, https:\/\/wwbn.wgsr.uw.edu.pl\/wp-content\/uploads\/2025\/10\/RDC_logo_2024_kolor-300x300.jpg 300w, https:\/\/wwbn.wgsr.uw.edu.pl\/wp-content\/uploads\/2025\/10\/RDC_logo_2024_kolor-150x150.jpg 150w, https:\/\/wwbn.wgsr.uw.edu.pl\/wp-content\/uploads\/2025\/10\/RDC_logo_2024_kolor-768x768.jpg 768w, https:\/\/wwbn.wgsr.uw.edu.pl\/wp-content\/uploads\/2025\/10\/RDC_logo_2024_kolor.jpg 1080w\" sizes=\"auto, (max-width: 1024px) 100vw, 1024px\" \/><\/figure>\n\n\n\n<p><\/p>\n\n\n\n<figure class=\"wp-block-image size-large is-resized\"><img loading=\"lazy\" decoding=\"async\" width=\"1024\" height=\"612\" src=\"https:\/\/wwbn.wgsr.uw.edu.pl\/wp-content\/uploads\/2025\/10\/tvp-3-warszawa-seeklogo-1024x612.jpg\" alt=\"\" class=\"wp-image-345\" style=\"width:286px;height:auto\" srcset=\"https:\/\/wwbn.wgsr.uw.edu.pl\/wp-content\/uploads\/2025\/10\/tvp-3-warszawa-seeklogo-1024x612.jpg 1024w, https:\/\/wwbn.wgsr.uw.edu.pl\/wp-content\/uploads\/2025\/10\/tvp-3-warszawa-seeklogo-300x179.jpg 300w, https:\/\/wwbn.wgsr.uw.edu.pl\/wp-content\/uploads\/2025\/10\/tvp-3-warszawa-seeklogo-768x459.jpg 768w, https:\/\/wwbn.wgsr.uw.edu.pl\/wp-content\/uploads\/2025\/10\/tvp-3-warszawa-seeklogo-1536x919.jpg 1536w, https:\/\/wwbn.wgsr.uw.edu.pl\/wp-content\/uploads\/2025\/10\/tvp-3-warszawa-seeklogo.jpg 2000w\" sizes=\"auto, (max-width: 1024px) 100vw, 1024px\" \/><\/figure>\n\n\n\n<p class=\"has-medium-font-size\"><\/p>\n\n\n\n<p><\/p>\n\n\n\n<p class=\"has-medium-font-size\"><strong><br><\/strong><\/p>\n","protected":false},"excerpt":{"rendered":"<p>Patronat honorowy &#8211; Prezes G\u0142\u00f3wnego Urz\u0119du Statystycznego Patronat medialny<\/p>\n","protected":false},"author":3,"featured_media":0,"parent":0,"menu_order":0,"comment_status":"closed","ping_status":"closed","template":"","meta":{"hide_page_title":"","_coblocks_attr":"","_coblocks_dimensions":"","_coblocks_responsive_height":"","_coblocks_accordion_ie_support":"","footnotes":""},"class_list":["post-135","page","type-page","status-publish","hentry"],"_links":{"self":[{"href":"https:\/\/wwbn.wgsr.uw.edu.pl\/index.php?rest_route=\/wp\/v2\/pages\/135","targetHints":{"allow":["GET"]}}],"collection":[{"href":"https:\/\/wwbn.wgsr.uw.edu.pl\/index.php?rest_route=\/wp\/v2\/pages"}],"about":[{"href":"https:\/\/wwbn.wgsr.uw.edu.pl\/index.php?rest_route=\/wp\/v2\/types\/page"}],"author":[{"embeddable":true,"href":"https:\/\/wwbn.wgsr.uw.edu.pl\/index.php?rest_route=\/wp\/v2\/users\/3"}],"replies":[{"embeddable":true,"href":"https:\/\/wwbn.wgsr.uw.edu.pl\/index.php?rest_route=%2Fwp%2Fv2%2Fcomments&post=135"}],"version-history":[{"count":15,"href":"https:\/\/wwbn.wgsr.uw.edu.pl\/index.php?rest_route=\/wp\/v2\/pages\/135\/revisions"}],"predecessor-version":[{"id":362,"href":"https:\/\/wwbn.wgsr.uw.edu.pl\/index.php?rest_route=\/wp\/v2\/pages\/135\/revisions\/362"}],"wp:attachment":[{"href":"https:\/\/wwbn.wgsr.uw.edu.pl\/index.php?rest_route=%2Fwp%2Fv2%2Fmedia&parent=135"}],"curies":[{"name":"wp","href":"https:\/\/api.w.org\/{rel}","templated":true}]}}