{"id":118,"date":"2024-09-13T07:36:14","date_gmt":"2024-09-13T07:36:14","guid":{"rendered":"https:\/\/wwbn.wgsr.uw.edu.pl\/?page_id=118"},"modified":"2025-06-12T18:49:21","modified_gmt":"2025-06-12T18:49:21","slug":"regulamin","status":"publish","type":"page","link":"https:\/\/wwbn.wgsr.uw.edu.pl\/?page_id=118","title":{"rendered":"Regulamin"},"content":{"rendered":"\n<p>REGULAMIN INTERDYSCYPLINARNEJ KONFERENCJI NAUKOWEJ<br>\u201eWARSZAWA W \u015aWIETLE BADA\u0143 NAUKOWYCH\u201d<\/p>\n\n\n\n<p><\/p>\n\n\n\n<p>\u00a7 1. Postanowienia og\u00f3lne<\/p>\n\n\n\n<ol class=\"wp-block-list\">\n<li>Organizatorem konferencji \u201eWarszawa w \u015bwietle bada\u0144 naukowych\u201d, zwanej dalej \u201eKonferencj\u0105\u201d,<br>jest Uniwersytet Warszawski, Urz\u0105d m.st. Warszawy oraz Urz\u0105d Statystyczny w Warszawie,<br>zwanymi dalej \u201eOrganizatorami\u201d.<\/li>\n\n\n\n<li>Konferencja odb\u0119dzie si\u0119 w dniach 27-28 listopada 2025 roku w Warszawie.<\/li>\n\n\n\n<li>J\u0119zykiem Konferencji jest j\u0119zyk polski.<\/li>\n\n\n\n<li>Przes\u0142anie formularza zg\u0142oszeniowego do Organizator\u00f3w jest jednoznaczne<br>z zaakceptowaniem niniejszego Regulaminu.<\/li>\n\n\n\n<li>Wszystkie terminy zawarte w Regulaminie s\u0105 obligatoryjne i nieprzekraczalne, chyba \u017ce<br>Organizatorzy postanowi\u0105 inaczej, o czym powiadomi\u0105 Uczestnik\u00f3w.<\/li>\n\n\n\n<li>Organizatorzy zastrzegaj\u0105 sobie prawo wprowadzenia zmian w niniejszym Regulaminie oraz<br>prawo do zmiany terminu i miejsca Konferencji lub jej odwo\u0142ania.<\/li>\n\n\n\n<li>W przypadku odwo\u0142ania Konferencji, Organizatorzy zobowi\u0105zuj\u0105 si\u0119 powiadomi\u0107 o tym fakcie<br>zarejestrowanych Uczestnik\u00f3w poczt\u0105 elektroniczn\u0105, najp\u00f3\u017aniej na 5 dni przed planowan\u0105 dat\u0105<br>rozpocz\u0119cia Konferencji.<\/li>\n\n\n\n<li>Adres strony internetowej Konferencji: https:\/\/wwbn.wgsr.uw.edu.pl\/<\/li>\n<\/ol>\n\n\n\n<p>\u00a7 2. Warunki uczestnictwa<\/p>\n\n\n\n<ol class=\"wp-block-list\">\n<li>Wyr\u00f3\u017cnia si\u0119 dwie formy uczestnictwa w Konferencji:<br>1) uczestnictwo czynne \u2013 Uczestnik, kt\u00f3ry zosta\u0142 zaproszony przez Organizator\u00f3w do<br>przedstawienia referatu oraz spe\u0142ni\u0142 \u0142\u0105cznie wszystkie warunki uczestnictwa z ust. 2.<br>W ramach udzia\u0142u czynnego Uczestnikowi przys\u0142uguje mo\u017cliwo\u015b\u0107 wyg\u0142oszenia<br>zg\u0142oszonego referatu w formie wyst\u0105pienia ustnego;<br>2) uczestnictwo bierne \u2013 Uczestnik, kt\u00f3ry spe\u0142ni\u0142 \u0142\u0105cznie wszystkie warunki uczestnictwa<br>z ust. 3. Uczestnikiem biernym jest r\u00f3wnie\u017c osoba zarejestrowana jako Uczestnik<br>czynny Konferencji b\u0119d\u0105ca wsp\u00f3\u0142autorem, ale nie prezentuj\u0105ca zg\u0142oszonego referatu.<\/li>\n\n\n\n<li>Uczestnikiem czynnym Konferencji mo\u017ce by\u0107 pe\u0142noletnia osoba fizyczna, kt\u00f3ra spe\u0142nia \u0142\u0105cznie<br>wszystkie poni\u017csze warunki:<br>1) zarejestrowa\u0142a si\u0119 w aplikacji udost\u0119pnionej na stronie internetowej Konferencji;<br>2) zarejestrowa\u0142a w aplikacji tytu\u0142 oraz abstrakt przygotowywanego referatu;<br>3) zosta\u0142 zaakceptowany przez Organizator\u00f3w co najmniej jeden tytu\u0142 oraz abstrakt<br>zg\u0142oszonego referatu.<\/li>\n\n\n\n<li>Uczestnikiem biernym Konferencji mo\u017ce by\u0107 pe\u0142noletnia osoba fizyczna, kt\u00f3ra spe\u0142nia<br>\u0142\u0105cznie wszystkie poni\u017csze warunki:<br>1) zarejestrowa\u0142a si\u0119 w aplikacji udost\u0119pnionej na stronie internetowej Konferencji;<br>2) otrzyma\u0142a od Organizator\u00f3w potwierdzenie wpisania na list\u0119 Uczestnik\u00f3w Konferencji.<\/li>\n<\/ol>\n\n\n\n<p><br>\u00a7 3. Rejestracja Uczestnik\u00f3w czynnych<\/p>\n\n\n\n<ol class=\"wp-block-list\">\n<li>Rejestracja Uczestnik\u00f3w czynnych rozpocznie si\u0119 w dniu 1 czerwca 2025 roku.<\/li>\n\n\n\n<li>Termin zg\u0142oszenia abstraktu up\u0142ywa w dniu 15 lipca 2025 roku roku. Po tym terminie rejestracja<br>abstrakt\u00f3w online b\u0119dzie niedost\u0119pna, chyba \u017ce Organizatorzy przed\u0142u\u017c\u0105 ten termin i wyznacz\u0105<br>II termin nadsy\u0142ania zg\u0142osze\u0144. Informacja o przed\u0142u\u017ceniu terminu rejestracji abstrakt\u00f3w<br>zostanie zamieszczona na stronie internetowej Konferencji.<\/li>\n\n\n\n<li>Rejestracja uczestnictwa oraz abstrakt\u00f3w dokonywana jest na stronie internetowej Konferencji:<br>https:\/\/wwbn.wgsr.uw.edu.pl\/<\/li>\n\n\n\n<li>Uczestnik czynny dokonuje rejestracji i zg\u0142oszenia abstraktu, podaj\u0105c w formularzu<br>zg\u0142oszeniowym:<br>1) dane osobowe: imi\u0119 i nazwisko, afiliacj\u0119, stopie\u0144\/tytu\u0142 naukowy, adres poczty<br>elektronicznej,<br>2) informacje dotycz\u0105ce zg\u0142aszanego referatu: tytu\u0142 wyst\u0105pienia, abstrakt (do 250 s\u0142\u00f3w),<br>3) w przypadku wsp\u00f3\u0142autorstwa \u2013 dane pozosta\u0142ych autor\u00f3w: imi\u0119 i nazwisko, afiliacj\u0119,<br>stopie\u0144\/tytu\u0142 naukowy.<\/li>\n\n\n\n<li>Uczestnik ponosi pe\u0142n\u0105 odpowiedzialno\u015b\u0107 za tre\u015b\u0107 zawart\u0105 w ka\u017cdym zg\u0142oszonym abstrakcie.<\/li>\n\n\n\n<li>Organizatorzy mog\u0105 zwr\u00f3ci\u0107 si\u0119 do Uczestnika o uzupe\u0142nienie lub naniesienie zmian<br>w abstrakcie.<\/li>\n\n\n\n<li>Uczestnik zostanie poinformowany o decyzji Organizator\u00f3w, w odniesieniu do ka\u017cdego<br>zg\u0142oszonego abstraktu, w terminie do 15 wrze\u015bnia 2025 roku. W przypadku podj\u0119cia przez<br>Organizator\u00f3w decyzji o wyd\u0142u\u017ceniu terminu nadsy\u0142ania abstrakt\u00f3w, termin decyzji dot.<br>akceptacji abstraktu nades\u0142anego w II terminie zostanie automatycznie wyd\u0142u\u017cony.<\/li>\n\n\n\n<li>W przypadku braku potwierdzenia rejestracji do 16 wrze\u015bnia 2025 roku nale\u017cy<br>skontaktowa\u0107 si\u0119 z Organizatorami wysy\u0142aj\u0105c wiadomo\u015b\u0107 na adres poczty elektronicznej:<br>akademicka.warszawa@uw.edu.pl<\/li>\n\n\n\n<li>Uczestnicy zobowi\u0105zuj\u0105 si\u0119 do poprawnego oraz zgodnego ze stanem rzeczywistym<br>wype\u0142nienia formularzy rejestracyjnych.<br>10.Organizatorzy nie ponosz\u0105 odpowiedzialno\u015bci za szkody wynikaj\u0105ce z wprowadzenia<br>do formularzy b\u0142\u0119dnych danych przez osoby rejestruj\u0105ce sw\u00f3j udzia\u0142 w Konferencji<br>lub zg\u0142aszaj\u0105ce abstrakty.<\/li>\n<\/ol>\n\n\n\n<p>\u00a7 4. Rejestracja Uczestnik\u00f3w biernych<\/p>\n\n\n\n<ol class=\"wp-block-list\">\n<li>Rejestracja Uczestnik\u00f3w biernych rozpocznie si\u0119 w dniu 1 pa\u017adziernika 2025 roku.<\/li>\n\n\n\n<li>Termin rejestracji online uczestnictwa biernego w Konferencji up\u0142ywa w dniu 31 pa\u017adziernika 2025<br>roku. Po tym terminie rejestracja online b\u0119dzie niedost\u0119pna, chyba \u017ce Organizatorzy przed\u0142u\u017c\u0105<br>termin rejestracji. Informacja o przed\u0142u\u017ceniu terminu rejestracji uczestnictwa zostanie<br>zamieszczona na stronie internetowej Konferencji. Organizatorzy zastrzegaj\u0105 mo\u017cliwo\u015b\u0107<br>zamkni\u0119cia rejestracji przed terminem w przypadku, gdy liczba zarejestrowanych Uczestnik\u00f3w<br>osi\u0105gnie limit miejsc.<\/li>\n\n\n\n<li>Rejestracja uczestnictwa biernego dokonywana jest na stronie internetowej Konferencji:<br>https:\/\/wwbn.wgsr.uw.edu.pl\/<\/li>\n\n\n\n<li>Uczestnik bierny dokonuje rejestracji wype\u0142niaj\u0105c formularz zg\u0142oszeniowy poprzez podanie<br>nast\u0119puj\u0105cych danych osobowych: imi\u0119 i nazwisko, afiliacj\u0119, stopie\u0144\/tytu\u0142 naukowy, adres<br>poczty elektronicznej.<\/li>\n\n\n\n<li>Po wys\u0142aniu formularza Uczestnik otrzyma potwierdzenie rejestracji na adres poczty<br>elektronicznej podany w formularzu rejestracyjnym. W przypadku braku potwierdzenia rejestracji do 6 listopada 2025 roku nale\u017cy skontaktowa\u0107 si\u0119 z Organizatorami wysy\u0142aj\u0105 wiadomo\u015b\u0107 na adres poczty elektronicznej: akademicka.warszawa@uw.edu.pl<\/li>\n\n\n\n<li>Uczestnicy zobowi\u0105zuj\u0105 si\u0119 do poprawnego oraz zgodnego ze stanem rzeczywistym<br>wype\u0142nienia formularzy rejestracyjnych.<\/li>\n\n\n\n<li>Organizatorzy nie ponosz\u0105 odpowiedzialno\u015bci za szkody wynikaj\u0105ce z wprowadzenia<br>do formularzy b\u0142\u0119dnych danych przez osoby rejestruj\u0105ce sw\u00f3j udzia\u0142 w Konferencji.<\/li>\n<\/ol>\n\n\n\n<p>\u00a7 5. Obrady<\/p>\n\n\n\n<ol class=\"wp-block-list\">\n<li>Miejsce obrad w poszczeg\u00f3lnych sesjach tematycznych zostanie podane do wiadomo\u015bci<br>Uczestnik\u00f3w na stronie internetowej Konferencji.<\/li>\n\n\n\n<li>Czas prezentacji ustnej jednego referatu mo\u017ce wynosi\u0107 maksymalnie 20 minut i jest zale\u017cny<br>od decyzji moderatora sesji.<\/li>\n\n\n\n<li>Dyskusje w ramach sesji odbywaj\u0105 si\u0119 zgodnie z decyzj\u0105 moderatora sesji.<\/li>\n\n\n\n<li>Uczestnicy czynni s\u0105 zobowi\u0105zani przekaza\u0107 Organizatorom w formacie obs\u0142ugiwanym przez<br>program MS Power Point lub PDF swoje prezentacje w wersji elektronicznej do dnia<br>25 listopada 2025 roku, na adres: akademicka.warszawa@uw.edu.pl<\/li>\n\n\n\n<li>Organizatorzy nie gwarantuj\u0105 wy\u015bwietlania prezentacji przygotowanej przez Uczestnika<br>czynnego, je\u017celi Uczestnik czynny nie dostarczy swojej prezentacji w spos\u00f3b okre\u015blony<br>w ust. 4.<\/li>\n\n\n\n<li>Uczestnik czynny ponosi pe\u0142n\u0105 odpowiedzialno\u015b\u0107 za wszelkie materia\u0142y oraz wypowiedzi<br>przedstawione przez niego podczas Konferencji.<\/li>\n\n\n\n<li>Uczestnik czynny zobowi\u0105zany jest do zaprezentowania zg\u0142oszonego przez siebie referatu<br>w trakcie trwania sesji. Odst\u0119pstwo od tej zasady mo\u017cliwe jest jedynie w sytuacjach<br>wyj\u0105tkowych, po wcze\u015bniejszej konsultacji z Organizatorami i moderatorem sesji.<\/li>\n<\/ol>\n\n\n\n<p>\u00a7 6. Zasady udzia\u0142u w Konferencji<\/p>\n\n\n\n<ol class=\"wp-block-list\">\n<li>Uczestnicy akceptuj\u0105 ustalone regu\u0142y przebiegu Konferencji i jej program oraz zobowi\u0105zuj\u0105 si\u0119<br>nie wp\u0142ywa\u0107 na jego zmian\u0119 i nie zak\u0142\u00f3ca\u0107 przebiegu Wydarzenia.<\/li>\n\n\n\n<li>Przed wej\u015bciem na Konferencj\u0119 Uczestnik zobowi\u0105zany jest wzi\u0105\u0107 udzia\u0142 w czynno\u015bciach<br>zwi\u0105zanych z potwierdzeniem wcze\u015bniejszej rejestracji.<\/li>\n\n\n\n<li>Uczestnicy zobowi\u0105zuj\u0105 si\u0119 do potwierdzenia udzia\u0142u w Konferencji, poprzez wype\u0142nienie<br>przes\u0142anego przez Organizator\u00f3w formularza, w terminie do dnia 14 listopada 2024 roku<br>wskazuj\u0105c udzia\u0142 w konkretnych sesjach.<\/li>\n\n\n\n<li>Organizatorzy planuj\u0105 przeprowadzenie fotorelacji z Konferencji dla cel\u00f3w dokumentacyjnych<br>(np. raport\u00f3w i sprawozda\u0144), informacyjnych i promocyjnych (dost\u0119pnych na stronie<br>internetowej Konferencji i innych stronach internetowych Organizator\u00f3w, profilach<br>zarz\u0105dzanych przez Organizator\u00f3w w mediach spo\u0142eczno\u015bciowych z informacj\u0105 o Konferencji<br>i jej przebiegu) i archiwizacji (w zakresie nagra\u0144 i fotorelacji).<\/li>\n\n\n\n<li>Uczestnik bior\u0105c udzia\u0142 w Konferencji, wyra\u017ca zgod\u0119 na utrwalenie i wykorzystanie swojego<br>wizerunku w celach wskazanych w ust. 4., bez prawa do wynagrodzenia z powy\u017cszego tytu\u0142u.<br>Zgoda obejmuje rozpowszechnianie przez Organizator\u00f3w wizerunku utrwalonego w zwi\u0105zku<br>z udzia\u0142em w Konferencji poprzez: utrwalanie, zwielokrotnianie przy u\u017cyciu wszelkich technik,<br>rozpowszechnianie, korzystanie, wprowadzenie do obrotu, u\u017cyczenie, publiczne wykonanie,<br>wstawienie, wy\u015bwietlenie, odtworzenie, nadawanie, publiczne udost\u0119pnianie, archiwizacj\u0119, w tym w szczeg\u00f3lno\u015bci na stronach internetowych Organizator\u00f3w, na profilach zarz\u0105dzanych przez Organizator\u00f3w w mediach spo\u0142eczno\u015bciowych.<\/li>\n<\/ol>\n\n\n\n<p>\u00a7 7. Zasady bezpiecze\u0144stwa<\/p>\n\n\n\n<ol class=\"wp-block-list\">\n<li>Uczestnicy s\u0105 zobowi\u0105zani przestrzega\u0107 zasad bezpiecze\u0144stwa, przepis\u00f3w BHP i p.po\u017c<br>obowi\u0105zuj\u0105cych na terenie obiekt\u00f3w, w kt\u00f3rych organizowana jest Konferencja oraz stosowa\u0107<br>si\u0119 w tym zakresie do polece\u0144 wydawanych przez Organizator\u00f3w lub s\u0142u\u017cby odpowiedzialne<br>za bezpiecze\u0144stwo i porz\u0105dek.<\/li>\n\n\n\n<li>Uczestnictwo w Konferencji mo\u017ce si\u0119 odbywa\u0107 tylko w wyznaczonych pomieszczeniach<br>i obszarach, zgodnie z obowi\u0105zuj\u0105cym programem i porz\u0105dkiem Wydarzenia. Zabronione jest<br>przebywanie poza wyznaczonym obszarem Konferencji.<\/li>\n\n\n\n<li>Uczestnik zobowi\u0105zany jest przez ca\u0142y okres trwania Konferencji do pos\u0142ugiwania<br>si\u0119 identyfikatorem wydanym przez Organizator\u00f3w. Zabronione jest przekazywanie<br>lub udost\u0119pnianie identyfikatora innym osobom. W przypadku zgubienia identyfikatora nale\u017cy<br>ten fakt zg\u0142osi\u0107 Organizatorom.<\/li>\n\n\n\n<li>Organizatorzy nie ponosz\u0105 odpowiedzialno\u015bci za rzeczy pozostawione i zgubione podczas<br>Konferencji oraz za rzeczy pozostawione w odzie\u017cy lub plecakach oddanych do szatni, a tak\u017ce<br>w innych miejscach og\u00f3lnodost\u0119pnych pomieszczeniach i obszarach odbywania<br>si\u0119 Konferencji.<\/li>\n\n\n\n<li>Organizatorzy nie ponosz\u0105 odpowiedzialno\u015bci za zdarzenia wynikaj\u0105ce z nieprzestrzegania<br>Regulaminu przez Uczestnik\u00f3w, nie stosowania si\u0119 przez Uczestnik\u00f3w do zalece\u0144<br>Organizator\u00f3w i s\u0142u\u017cb odpowiedzialnych za bezpiecze\u0144stwo i porz\u0105dek.<\/li>\n\n\n\n<li>W przypadku zauwa\u017cenia zagro\u017cenia dla \u017cycia i zdrowia Uczestnik\u00f3w, Uczestnik zobowi\u0105zany<br>jest niezw\u0142ocznie poinformowa\u0107 o tym Organizator\u00f3w.<\/li>\n<\/ol>\n\n\n\n<p>\u00a7 8. P\u0142atno\u015bci<\/p>\n\n\n\n<ol class=\"wp-block-list\">\n<li>Udzia\u0142 w Konferencji jest bezp\u0142atny.<\/li>\n\n\n\n<li>Organizatorzy w trakcie Konferencji zapewniaj\u0105 posi\u0142ki zgodnie z programem.<\/li>\n\n\n\n<li>Organizatorzy nie zapewniaj\u0105 i nie pokrywaj\u0105 koszt\u00f3w zakwaterowania i podr\u00f3\u017cy Uczestnik\u00f3w.<\/li>\n<\/ol>\n\n\n\n<p>\u00a7 9. Przetwarzanie danych osobowych<\/p>\n\n\n\n<ol class=\"wp-block-list\">\n<li>Administratorem danych osobowych Uczestnik\u00f3w przetwarzanych w ramach Konferencji jest<br>Uniwersytet Warszawski, ul. Krakowskie Przedmie\u015bcie 26\/28, 00-927 Warszawa,<br>reprezentowany przez Rektora UW.<\/li>\n\n\n\n<li>Uniwersytet Warszawski wyznaczy\u0142 Inspektora Ochrony Danych, z kt\u00f3rym mo\u017cna si\u0119<br>kontaktowa\u0107 mailowo pod adresem: iod@adm.uw.edu.pl.<\/li>\n\n\n\n<li>Dane osobowe Uczestnik\u00f3w b\u0119d\u0105 przetwarzane w celu rejestracji i udzia\u0142u w Konferencji.<\/li>\n\n\n\n<li>Podanie przez Uczestnik\u00f3w danych osobowych jest dobrowolne, ale w odniesieniu do danych,<br>o kt\u00f3rych mowa w ust. 3 \u2013 konieczne do uczestnictwa w Konferencji.<\/li>\n\n\n\n<li>Dane osobowe Uczestnik\u00f3w podane w formularzu rejestracyjnym nie b\u0119d\u0105 udost\u0119pniane<br>osobom trzecim. Dana osobowa w postaci wizerunku mo\u017ce zosta\u0107 utrwalona na zdj\u0119ciach lub<br>filmach z Konferencji i przetwarzana na stronach internetowych Organizator\u00f3w i profilach w<br>mediach spo\u0142eczno\u015bciowych zarz\u0105dzanych przez Organizator\u00f3w, na cele zwi\u0105zane z<br>promocj\u0105 UW, w tym na potrzeby relacji z Konferencji \u2013 zgodnie z \u00a76 ust. 4-5 Regulaminu.<\/li>\n\n\n\n<li>Dane osobowe Uczestnik\u00f3w nie b\u0119d\u0105 przekazywane do pa\u0144stw trzecich (poza Europejski<br>Obszar Gospodarczy) ani do organizacji mi\u0119dzynarodowych.<\/li>\n\n\n\n<li>Dost\u0119p do danych osobowych Uczestnik\u00f3w b\u0119d\u0105 posiada\u0107 upowa\u017cnieni pracownicy,<br>wsp\u00f3\u0142pracownicy lub studenci Uniwersytetu Warszawskiego, kt\u00f3rzy musz\u0105 przetwarza\u0107 dane<br>Uczestnik\u00f3w w zwi\u0105zku z Konferencj\u0105.<\/li>\n\n\n\n<li>Dane osobowe Uczestnik\u00f3w podane w formularzu rejestracyjnym b\u0119d\u0105 przetwarzane przez<br>czas trwania Konferencji, a nast\u0119pnie przez okres wymagany przepisami podatkowymi i o<br>rachunkowo\u015bci. Po tym czasie dane zostan\u0105 usuni\u0119te.<\/li>\n\n\n\n<li>Rejestracja na Konferencj\u0119 odbywa si\u0119 z wykorzystaniem formularzy i dysk\u00f3w udost\u0119pnionych<br>przez firm\u0119 Google. Dane Uczestnik\u00f3w b\u0119d\u0105 przetwarzane przez dostawc\u0119 us\u0142ugi G-Suit dla<br>edukacji firm\u0119 Google w jej centrach przetwarzania danych.<\/li>\n\n\n\n<li>Uczestnik posiada prawo do: uzyskania informacji o przetwarzaniu danych osobowych<br>i uprawnieniach przys\u0142uguj\u0105cych zgodnie z RODO, dost\u0119pu do tre\u015bci swoich danych oraz<br>otrzymania ich kopii, sprostowania (poprawienia) swoich danych osobowych, ograniczenia<br>przetwarzania danych osobowych, a tak\u017ce prawo do usuni\u0119cia danych osobowych ze zbior\u00f3w<br>administratora (z zastrze\u017ceniem art. 17 ust. 3 RODO), wniesienia skargi do Prezesa Urz\u0119du<br>Ochrony Danych, je\u017celi uznaj\u0105 Pa\u0144stwo, \u017ce przetwarzanie danych osobowych narusza<br>przepisy prawa w zakresie ochrony danych osobowych.<br>11.Wycofanie zgody na przetwarzanie danych osobowych mo\u017cna przes\u0142a\u0107 e-mailem na<br>adres: akademicka.warszawa@uw.edu.pl , poczt\u0105 tradycyjn\u0105 na adres: Wydzia\u0142 Geografii i<br>Studi\u00f3w Regionalnych Uniwersytetu Warszawskiego, ul. Krakowskie Przedmie\u015bcie 30, 00-927<br>Warszawa lub wycofa\u0107 osobi\u015bcie stawiaj\u0105c si\u0119 na Wydziale Geografii i Studi\u00f3w Regionalnych<br>UW.<\/li>\n<\/ol>\n\n\n\n<p>\u00a7 10. Postanowienia ko\u0144cowe<\/p>\n\n\n\n<ol class=\"wp-block-list\">\n<li>Organizatorzy ustalaj\u0105 program Konferencji oraz maj\u0105 prawo dokonywania w nim zmian,<br>r\u00f3wnie\u017c w dniu Konferencji, w tym maj\u0105 prawo do zmian rozk\u0142adu czasowego i kolejno\u015bci<br>wyst\u0105pie\u0144.<\/li>\n\n\n\n<li>Organizatorzy nie odpowiadaj\u0105 za problemy techniczne lub organizacyjne Uczestnik\u00f3w<br>zwi\u0105zane z udzia\u0142em w Konferencji wynikaj\u0105ce z przyczyn niezale\u017cnych od Organizator\u00f3w.<\/li>\n\n\n\n<li>Uczestnik ponosi pe\u0142n\u0105 odpowiedzialno\u015b\u0107 za wszelkie przedstawione przez niego w czasie<br>Konferencji materia\u0142y i informacje. Uczestnik zobowi\u0105zany jest zapewni\u0107, aby wszelkie<br>wypowiedzi i prezentacje przedstawione przez niego podczas Konferencji nie narusza\u0142y<br>przepis\u00f3w prawa, ani praw lub d\u00f3br osobistych os\u00f3b trzecich.<\/li>\n\n\n\n<li>Uczestnik zobowi\u0105zuje si\u0119 do przestrzegania niniejszego Regulaminu, zasad spo\u0142ecznych,<br>instrukcji oraz polece\u0144 organizacyjno-technicznych Organizator\u00f3w.<\/li>\n\n\n\n<li>Uczestnik ponosi pe\u0142n\u0105 odpowiedzialno\u015b\u0107 za zniszczenie mienia na terenie obiektu, w kt\u00f3rym<br>odbywa si\u0119 Konferencja.<\/li>\n\n\n\n<li>Regulamin wchodzi w \u017cycie z dniem opublikowania go na stronie internetowej konferencji<br>https:\/\/wwbn.wgsr.uw.edu.pl\/.<\/li>\n\n\n\n<li>W sprawach nieuregulowanych Regulaminem zastosowanie maj\u0105 powszechnie obowi\u0105zuj\u0105ce przepisy prawa.<\/li>\n<\/ol>\n","protected":false},"excerpt":{"rendered":"<p>REGULAMIN INTERDYSCYPLINARNEJ KONFERENCJI NAUKOWEJ\u201eWARSZAWA W \u015aWIETLE BADA\u0143 NAUKOWYCH\u201d \u00a7 1. Postanowienia og\u00f3lne \u00a7 2. Warunki uczestnictwa \u00a7 3. Rejestracja Uczestnik\u00f3w czynnych \u00a7 4. Rejestracja Uczestnik\u00f3w biernych \u00a7 5. Obrady \u00a7 6. Zasady udzia\u0142u w Konferencji \u00a7 7. Zasady bezpiecze\u0144stwa \u00a7 8. P\u0142atno\u015bci \u00a7 9. Przetwarzanie danych osobowych \u00a7 10. Postanowienia ko\u0144cowe<\/p>\n","protected":false},"author":3,"featured_media":0,"parent":0,"menu_order":0,"comment_status":"closed","ping_status":"closed","template":"","meta":{"hide_page_title":"","_coblocks_attr":"","_coblocks_dimensions":"","_coblocks_responsive_height":"","_coblocks_accordion_ie_support":"","footnotes":""},"class_list":["post-118","page","type-page","status-publish","hentry"],"_links":{"self":[{"href":"https:\/\/wwbn.wgsr.uw.edu.pl\/index.php?rest_route=\/wp\/v2\/pages\/118","targetHints":{"allow":["GET"]}}],"collection":[{"href":"https:\/\/wwbn.wgsr.uw.edu.pl\/index.php?rest_route=\/wp\/v2\/pages"}],"about":[{"href":"https:\/\/wwbn.wgsr.uw.edu.pl\/index.php?rest_route=\/wp\/v2\/types\/page"}],"author":[{"embeddable":true,"href":"https:\/\/wwbn.wgsr.uw.edu.pl\/index.php?rest_route=\/wp\/v2\/users\/3"}],"replies":[{"embeddable":true,"href":"https:\/\/wwbn.wgsr.uw.edu.pl\/index.php?rest_route=%2Fwp%2Fv2%2Fcomments&post=118"}],"version-history":[{"count":3,"href":"https:\/\/wwbn.wgsr.uw.edu.pl\/index.php?rest_route=\/wp\/v2\/pages\/118\/revisions"}],"predecessor-version":[{"id":319,"href":"https:\/\/wwbn.wgsr.uw.edu.pl\/index.php?rest_route=\/wp\/v2\/pages\/118\/revisions\/319"}],"wp:attachment":[{"href":"https:\/\/wwbn.wgsr.uw.edu.pl\/index.php?rest_route=%2Fwp%2Fv2%2Fmedia&parent=118"}],"curies":[{"name":"wp","href":"https:\/\/api.w.org\/{rel}","templated":true}]}}